{"id":87,"date":"2025-11-26T19:01:24","date_gmt":"2025-11-26T19:01:24","guid":{"rendered":"https:\/\/www.eventswithheart.de\/?page_id=87"},"modified":"2025-11-26T19:36:27","modified_gmt":"2025-11-26T19:36:27","slug":"agb","status":"publish","type":"page","link":"https:\/\/www.eventswithheart.de\/?page_id=87","title":{"rendered":"Allgemeine Gesch\u00e4ftsbedingungen"},"content":{"rendered":"\n<p>Dies sind unsere Gesch\u00e4ftsbedingungen f\u00fcr die Nutzung unserer Website eventswithheart.de und events-with-heart.sumupstore.com und den Kauf von Produkten \u00fcber die Website.<\/p>\n\n\n\n<p>Falls Sie Fragen zu diesen Gesch\u00e4ftsbedingungen haben, dann kontaktieren Sie uns bitte \u00fcber das Kontaktformular.<\/p>\n\n\n\n<p>Diese Gesch\u00e4ftsbedingungen sowie alle Bestimmungen oder Bedingungen in anderen Bereichen dieser Website stellen gemeinsam die Nutzungsgrundlage f\u00fcr diese Website durch Kunden dar. Bitte beachten Sie, dass Events With Heart jederzeit \u00c4nderungen an dieser Website vornehmen oder Teile der Website entfernen kann, ohne gegen\u00fcber Kunden f\u00fcr solche \u00c4nderungen zu haften. Events With Heart beh\u00e4lt sich das Recht vor, diese Gesch\u00e4ftsbedingungen in Zukunft zu \u00e4ndern, ohne Kunden hier\u00fcber ausdr\u00fccklich in Kenntnis zu setzen, und die weitere Nutzung der Website oder das Aufgeben von Bestellungen nach solchen \u00c4nderungen gilt als Ihr Einverst\u00e4ndnis und Ihre Zustimmung zu solchen \u00c4nderungen.<\/p>\n\n\n\n<p>Ein Vertrag zwischen Ihnen als Kunde und uns kommt erst dann zustande, wenn Ihre Bestellung bearbeitet und versandt wurde.<\/p>\n\n\n\n<p>Wenn Sie als Kunde eine Bestellung \u00fcber diese Website aufgeben, garantieren Sie mit der Bestellung, dass:<\/p>\n\n\n\n<ol class=\"wp-block-list\">\n<li>Sie nicht minderj\u00e4hrig sind oder nicht anderweitig gesch\u00e4ftsunf\u00e4hig sind, einen rechtsverbindlichen Vertrag abzuschlie\u00dfen;<\/li>\n\n\n\n<li>die pers\u00f6nlichen Angaben, die Sie uns bei der Registrierung mitteilen, vollst\u00e4ndig und richtig sind;<\/li>\n\n\n\n<li>Sie keinen falschen Namen oder den Namen einer anderen Person oder K\u00f6rperschaft verwenden, zu dessen Verwendung Sie nicht berechtigt sind.<\/li>\n<\/ol>\n\n\n\n<h3 class=\"wp-block-heading\">Aufgeben einer Bestellung<\/h3>\n\n\n\n<p>Wenn Sie Ihre Bestellung aufgeben, erkl\u00e4ren Sie sich mit diesen Gesch\u00e4ftsbedingungen einverstanden. Daher ist es wichtig, dass Sie sich diese Gesch\u00e4ftsbedingungen durchlesen, bevor Sie fortfahren und Ihre Bestellung aufgeben.<\/p>\n\n\n\n<h3 class=\"wp-block-heading\">Stornieren einer Bestellung<\/h3>\n\n\n\n<p>Als Kunde steht es Ihnen frei, eine Bestellung innerhalb von vierzehn Tagen zu stornieren. Der Betrag Ihrer Bestellung wird auf das Konto zur\u00fcckerstattet, das urspr\u00fcnglich f\u00fcr die Zahlung verwendet wurde.<\/p>\n\n\n\n<h3 class=\"wp-block-heading\">Annahme einer Bestellung<\/h3>\n\n\n\n<p>Bei Aufgabe einer Bestellung erhalten Sie eine Bestellbest\u00e4tigung, die an Ihre w\u00e4hrend des Bezahlvorgangs angegebene E-Mail-Adresse gesendet wird und Informationen zum Umfang und den Preisen der Bestellung enth\u00e4lt.<\/p>\n\n\n\n<h3 class=\"wp-block-heading\">Lieferung<\/h3>\n\n\n\n<p>Ihnen als K\u00e4ufer steht es frei, zwischen den angegebenen und zum jeweiligen Zeitpunkt geltenden Lieferoptionen zu w\u00e4hlen. Events With Heart \u00fcbernimmt keine Verantwortung f\u00fcr Sch\u00e4den, die sich w\u00e4hrend des Transports ereignen, oder f\u00fcr Sch\u00e4den durch Versp\u00e4tungen, die au\u00dferhalb der Kontrolle von Events With Heart liegen:<\/p>\n\n\n\n<ul class=\"wp-block-list\">\n<li>Pers\u00f6nliche Abholung<\/li>\n<\/ul>\n\n\n\n<h3 class=\"wp-block-heading\">R\u00fcckgaberecht<\/h3>\n\n\n\n<p>Events With Heart akzeptiert R\u00fcckgaben innerhalb von vierzehn Tagen, falls die Produkte nicht verwendet, ver\u00e4ndert, gewaschen oder anderweitig manipuliert wurden. Produkte m\u00fcssen in der Originalverpackung zur\u00fcckgegeben werden.<\/p>\n\n\n\n<p>Ohne die vorherige schriftliche Zustimmung durch Events With Heart d\u00fcrfen keine Produkte an Events With Heart zur\u00fcckgegeben werden, und f\u00fcr R\u00fcckgaben f\u00e4llt eine R\u00fcckgabegeb\u00fchr an.<\/p>\n\n\n\n<h3 class=\"wp-block-heading\">Haftung<\/h3>\n\n\n\n<p>Wir sind bestrebt, die Informationen auf dieser Website so richtig wie m\u00f6glich zu halten, \u00fcbernehmen jedoch weder eine ausdr\u00fcckliche noch eine stillschweigende Garantie f\u00fcr die Richtigkeit der Informationen. Wir \u00fcbernehmen auch keine Garantie f\u00fcr Sachverhalte, die mit der Nutzung dieser Website in Zusammenhang stehen, und Sie sind verantwortlich daf\u00fcr, sicherzustellen, dass Ihre eigenen Ger\u00e4te vor Viren oder anderen externen Faktoren gesch\u00fctzt sind.<\/p>\n\n\n\n<p>Ihre Rechte sind durch den Sale of Goods and Supply of Services Act von 1980 wie auch durch den Consumer Protection Act von 2007 gesch\u00fctzt, sofern Sie ein Verbraucher sind. Ihre Rechte nach den geltenden Rechtsvorschriften bleiben von den Inhalten dieser Website unber\u00fchrt.<\/p>\n\n\n\n<h3 class=\"wp-block-heading\">Salvatorische Klausel<\/h3>\n\n\n\n<p>Falls sich eine dieser Gesch\u00e4ftsbedingungen aus irgendeinem Grund als ung\u00fcltig, widerrechtlich oder nicht durchsetzbar erweisen sollte, wird sie von den \u00fcbrigen Gesch\u00e4ftsbedingungen, die weiterhin g\u00fcltig und durchsetzbar bleiben, getrennt.<\/p>\n\n\n\n<p>Falls eine Bestimmung dieser Gesch\u00e4ftsbedingungen widerrechtlich, ung\u00fcltig oder aus irgendeinem Grund nicht durchsetzbar sein sollte, so bleiben G\u00fcltigkeit und Durchsetzbarkeit der \u00fcbrigen Bestimmungen davon unber\u00fchrt.<\/p>\n\n\n\n<p>Stand: 26.11.2025<\/p>\n","protected":false},"excerpt":{"rendered":"<p>Dies sind unsere Gesch\u00e4ftsbedingungen f\u00fcr die Nutzung unserer Website eventswithheart.de und events-with-heart.sumupstore.com und den Kauf von Produkten \u00fcber die Website. Falls Sie Fragen zu diesen Gesch\u00e4ftsbedingungen haben, dann kontaktieren Sie uns bitte \u00fcber das Kontaktformular. Diese Gesch\u00e4ftsbedingungen sowie alle Bestimmungen oder Bedingungen in anderen Bereichen dieser Website stellen gemeinsam die Nutzungsgrundlage f\u00fcr diese Website durch &hellip; <\/p>\n<p class=\"link-more\"><a href=\"https:\/\/www.eventswithheart.de\/?page_id=87\" class=\"more-link\"><span class=\"screen-reader-text\">\u201eAllgemeine Gesch\u00e4ftsbedingungen\u201c <\/span>weiterlesen<\/a><\/p>\n","protected":false},"author":1,"featured_media":0,"parent":0,"menu_order":0,"comment_status":"closed","ping_status":"closed","template":"","meta":{"footnotes":""},"class_list":["post-87","page","type-page","status-publish","hentry"],"_links":{"self":[{"href":"https:\/\/www.eventswithheart.de\/index.php?rest_route=\/wp\/v2\/pages\/87","targetHints":{"allow":["GET"]}}],"collection":[{"href":"https:\/\/www.eventswithheart.de\/index.php?rest_route=\/wp\/v2\/pages"}],"about":[{"href":"https:\/\/www.eventswithheart.de\/index.php?rest_route=\/wp\/v2\/types\/page"}],"author":[{"embeddable":true,"href":"https:\/\/www.eventswithheart.de\/index.php?rest_route=\/wp\/v2\/users\/1"}],"replies":[{"embeddable":true,"href":"https:\/\/www.eventswithheart.de\/index.php?rest_route=%2Fwp%2Fv2%2Fcomments&post=87"}],"version-history":[{"count":2,"href":"https:\/\/www.eventswithheart.de\/index.php?rest_route=\/wp\/v2\/pages\/87\/revisions"}],"predecessor-version":[{"id":97,"href":"https:\/\/www.eventswithheart.de\/index.php?rest_route=\/wp\/v2\/pages\/87\/revisions\/97"}],"wp:attachment":[{"href":"https:\/\/www.eventswithheart.de\/index.php?rest_route=%2Fwp%2Fv2%2Fmedia&parent=87"}],"curies":[{"name":"wp","href":"https:\/\/api.w.org\/{rel}","templated":true}]}}